{"id":138,"date":"2022-08-23T15:22:56","date_gmt":"2022-08-23T15:22:56","guid":{"rendered":"http:\/\/goker.at\/?page_id=138"},"modified":"2024-02-25T15:29:24","modified_gmt":"2024-02-25T15:29:24","slug":"seniorenbegleitung","status":"publish","type":"page","link":"http:\/\/goker.at\/?page_id=138","title":{"rendered":"Seniorenbegleitung"},"content":{"rendered":"\n<p><strong>Einsamkeit mu\u00df nicht sein:<\/strong>&nbsp;Ich bin eine gute Konversationspartnerin, lebens- und berufserfahren, weltgewandt, mehrsprachig, kultiviert, verl\u00e4sslich und wir k\u00f6nnen auf Augenh\u00f6he gemeinsame Erlebnisse, Kultur und Ausfl\u00fcge gestalten und damit Ihren Kontakt zur Au\u00dfenwelt halten.<\/p>\n\n\n\n<p><strong>Ich biete Entlastung bei der Organisierung Ihres Alltags<\/strong>&nbsp;f\u00fcr Sie und Ihre Angeh\u00f6rigen, kann Sie auch bei Bedarf unterst\u00fctzen Ihre Korrespondenz, Ihr Leben, den Urlaub, Kuraufenthalte, Zahlungen, Investitionen zu organisieren.<\/p>\n\n\n\n<p><strong>Kostenloses Orientierungsgespr\u00e4ch<\/strong>&nbsp;zum Kennenlernen, wo wir Ihre Vorstellungen und Rahmenbedingungen besprechen. Honorar auf Stundenbasis \u2013 auch Sozialtarife. Wichtig ist, dass wir einander sympatisch sind und uns gut verstehen.<\/p>\n\n\n\n<p><\/p>\n\n\n\n<p><strong>\u00dcber mich <\/strong><\/p>\n\n\n\n<p>Gewerbeschein Lebens- und Sozialberatung (Wirtschaftskammer Wien) und Ausbildung zur Erwachsenenvertreterin. Absolventin Technische Universit\u00e4t Wien und University of Pennsylvania. Langj\u00e4hrige Erfahrung als Finanzmanagerin und Unternehmensberaterin. Viele ehrenamtliche T\u00e4tigkeiten z. B. Kontakbesucherin der Stadt Wien. Interessen sind Weltgeschehen, Kunst, Musik, Literatur, Mode, Sport, Reisen. Zahlreiche berufliche Auslandsaufenthalte. Muttersprache Deutsch, Englisch und Franz\u00f6sisch auf Muttersprachniveau.<\/p>\n\n\n\n<p><\/p>\n\n\n\n<p>(c) A. N. G\u00f6ker 2024<\/p>\n","protected":false},"excerpt":{"rendered":"<p>Einsamkeit mu\u00df nicht sein:&nbsp;Ich bin eine gute Konversationspartnerin, lebens- und berufserfahren, weltgewandt, mehrsprachig, kultiviert, verl\u00e4sslich und wir k\u00f6nnen auf Augenh\u00f6he gemeinsame Erlebnisse, Kultur und Ausfl\u00fcge gestalten und damit Ihren Kontakt zur Au\u00dfenwelt halten. Ich biete Entlastung bei der Organisierung Ihres Alltags&nbsp;f\u00fcr Sie und Ihre Angeh\u00f6rigen, kann Sie auch bei Bedarf unterst\u00fctzen Ihre Korrespondenz, Ihr Leben, &hellip; <\/p>\n<p class=\"link-more\"><a href=\"http:\/\/goker.at\/?page_id=138\" class=\"more-link\"><span class=\"screen-reader-text\">\u201eSeniorenbegleitung\u201c<\/span> weiterlesen<\/a><\/p>\n","protected":false},"author":1,"featured_media":0,"parent":0,"menu_order":0,"comment_status":"closed","ping_status":"closed","template":"","meta":{"footnotes":""},"class_list":["post-138","page","type-page","status-publish","hentry"],"_links":{"self":[{"href":"http:\/\/goker.at\/index.php?rest_route=\/wp\/v2\/pages\/138","targetHints":{"allow":["GET"]}}],"collection":[{"href":"http:\/\/goker.at\/index.php?rest_route=\/wp\/v2\/pages"}],"about":[{"href":"http:\/\/goker.at\/index.php?rest_route=\/wp\/v2\/types\/page"}],"author":[{"embeddable":true,"href":"http:\/\/goker.at\/index.php?rest_route=\/wp\/v2\/users\/1"}],"replies":[{"embeddable":true,"href":"http:\/\/goker.at\/index.php?rest_route=%2Fwp%2Fv2%2Fcomments&post=138"}],"version-history":[{"count":4,"href":"http:\/\/goker.at\/index.php?rest_route=\/wp\/v2\/pages\/138\/revisions"}],"predecessor-version":[{"id":213,"href":"http:\/\/goker.at\/index.php?rest_route=\/wp\/v2\/pages\/138\/revisions\/213"}],"wp:attachment":[{"href":"http:\/\/goker.at\/index.php?rest_route=%2Fwp%2Fv2%2Fmedia&parent=138"}],"curies":[{"name":"wp","href":"https:\/\/api.w.org\/{rel}","templated":true}]}}