{"id":156,"date":"2022-08-23T16:08:44","date_gmt":"2022-08-23T16:08:44","guid":{"rendered":"http:\/\/goker.at\/?page_id=156"},"modified":"2022-08-23T16:08:44","modified_gmt":"2022-08-23T16:08:44","slug":"coaching","status":"publish","type":"page","link":"http:\/\/goker.at\/?page_id=156","title":{"rendered":"Coaching"},"content":{"rendered":"\n<h3 class=\"wp-block-heading\">Karriereberatung &nbsp;erm\u00f6glicht Ihnen Ihre berufliche Ziele zu erreichen.&nbsp;&nbsp;<\/h3>\n\n\n\n<ul class=\"wp-block-list\"><li>Erkennen Sie welchen Einflu\u00df Interessen, F\u00e4higkeiten, Wertvorstellungen und Charakter auf Ihre Berufslaufbahn haben<\/li><li>&nbsp;ZUKUNFTSPLANUNG &#8211; beim neuen Lebensabschnitt, Wiedereinstieg, beruflichen Wechsel und nach Krisen &#8211; ZUM ERFOLG<\/li><li>Lernen Sie Berufsorientierungswerkzeuge f\u00fcr sich zu nutzen<\/li><li>Planen Sie Ihre Ausbildung und Weiterbildung<\/li><li>Entwickeln Sie neue Karrierechancen f\u00fcr sich<\/li><\/ul>\n\n\n\n<h4 class=\"wp-block-heading\">Kostenloses Informationsgespr\u00e4ch&nbsp;&#8211; Tel. +43 1 513 5956&nbsp;Videokonferenz auf Skype oder Zoom<\/h4>\n\n\n\n<p><a href=\"_wp_link_placeholder\">Kommunikationstraining &#8211; Englisch \/ Deutsch<\/a><\/p>\n","protected":false},"excerpt":{"rendered":"<p>Karriereberatung &nbsp;erm\u00f6glicht Ihnen Ihre berufliche Ziele zu erreichen.&nbsp;&nbsp; Erkennen Sie welchen Einflu\u00df Interessen, F\u00e4higkeiten, Wertvorstellungen und Charakter auf Ihre Berufslaufbahn haben &nbsp;ZUKUNFTSPLANUNG &#8211; beim neuen Lebensabschnitt, Wiedereinstieg, beruflichen Wechsel und nach Krisen &#8211; ZUM ERFOLG Lernen Sie Berufsorientierungswerkzeuge f\u00fcr sich zu nutzen Planen Sie Ihre Ausbildung und Weiterbildung Entwickeln Sie neue Karrierechancen f\u00fcr sich Kostenloses &hellip; <\/p>\n<p class=\"link-more\"><a href=\"http:\/\/goker.at\/?page_id=156\" class=\"more-link\"><span class=\"screen-reader-text\">\u201eCoaching\u201c<\/span> weiterlesen<\/a><\/p>\n","protected":false},"author":1,"featured_media":0,"parent":0,"menu_order":0,"comment_status":"closed","ping_status":"closed","template":"","meta":{"footnotes":""},"class_list":["post-156","page","type-page","status-publish","hentry"],"_links":{"self":[{"href":"http:\/\/goker.at\/index.php?rest_route=\/wp\/v2\/pages\/156","targetHints":{"allow":["GET"]}}],"collection":[{"href":"http:\/\/goker.at\/index.php?rest_route=\/wp\/v2\/pages"}],"about":[{"href":"http:\/\/goker.at\/index.php?rest_route=\/wp\/v2\/types\/page"}],"author":[{"embeddable":true,"href":"http:\/\/goker.at\/index.php?rest_route=\/wp\/v2\/users\/1"}],"replies":[{"embeddable":true,"href":"http:\/\/goker.at\/index.php?rest_route=%2Fwp%2Fv2%2Fcomments&post=156"}],"version-history":[{"count":1,"href":"http:\/\/goker.at\/index.php?rest_route=\/wp\/v2\/pages\/156\/revisions"}],"predecessor-version":[{"id":159,"href":"http:\/\/goker.at\/index.php?rest_route=\/wp\/v2\/pages\/156\/revisions\/159"}],"wp:attachment":[{"href":"http:\/\/goker.at\/index.php?rest_route=%2Fwp%2Fv2%2Fmedia&parent=156"}],"curies":[{"name":"wp","href":"https:\/\/api.w.org\/{rel}","templated":true}]}}